{"id":68,"date":"2021-10-05T14:35:13","date_gmt":"2021-10-05T14:35:13","guid":{"rendered":"https:\/\/mavondi.de\/?page_id=68"},"modified":"2022-05-25T06:58:35","modified_gmt":"2022-05-25T06:58:35","slug":"impressum","status":"publish","type":"page","link":"https:\/\/mavondi.de\/?page_id=68","title":{"rendered":"Impressum"},"content":{"rendered":"<p>[et_pb_section fb_built=&#8220;1&#8243; _builder_version=&#8220;4.11.1&#8243; _module_preset=&#8220;default&#8220; background_image=&#8220;https:\/\/mavondi.de\/wp-content\/uploads\/2021\/10\/mavondi-header-klein.jpg&#8220; global_colors_info=&#8220;{}&#8220;][\/et_pb_section][et_pb_section fb_built=&#8220;1&#8243; _builder_version=&#8220;4.11.1&#8243; _module_preset=&#8220;default&#8220; min_height=&#8220;976.2px&#8220; custom_margin=&#8220;0px||||false|false&#8220; custom_padding=&#8220;0px||0px||false|false&#8220; global_colors_info=&#8220;{}&#8220;][et_pb_row _builder_version=&#8220;4.11.1&#8243; _module_preset=&#8220;default&#8220; min_height=&#8220;757.2px&#8220; global_colors_info=&#8220;{}&#8220;][et_pb_column type=&#8220;4_4&#8243; _builder_version=&#8220;4.11.1&#8243; _module_preset=&#8220;default&#8220; global_colors_info=&#8220;{}&#8220;][et_pb_text admin_label=&#8220;Impressum \u00dcberschrift&#8220; _builder_version=&#8220;4.11.1&#8243; _module_preset=&#8220;default&#8220; header_text_color=&#8220;#2B1453&#8243; global_colors_info=&#8220;{}&#8220;]<\/p>\n<h1>Impressum<\/h1>\n<p>[\/et_pb_text][et_pb_text admin_label=&#8220;Impressum Text&#8220; _builder_version=&#8220;4.11.1&#8243; _module_preset=&#8220;default&#8220; text_font_size=&#8220;16px&#8220; text_line_height=&#8220;1.2em&#8220; global_colors_info=&#8220;{}&#8220;]<\/p>\n<h6>Angaben gem\u00e4\u00df \u00a7 5 TMG<\/h6>\n<p>mavondi GmbH<br \/>Werftstra\u00dfe 4<br \/>01139 Dresden<\/p>\n<h6>Vertreten durch:<\/h6>\n<p>Heidi Massier<\/p>\n<h6>Kontakt<\/h6>\n<p>Telefon: +49 351 20870640<br \/>E-Mail: massier@mavondi.de<\/p>\n<h6>Registereintrag<\/h6>\n<p>Sitz der Gesellschaft: Dresden<br \/>Registergericht: Amtsgericht Dresden<br \/>Registernummer: HRB 41149<\/p>\n<h6>Umsatzsteuer<\/h6>\n<p>Steuernummer: 202\/114\/09496<\/p>\n<h6>EU-Streitschlichtung<\/h6>\n<p>Die Europ\u00e4ische Kommission stellt eine Plattform zur Online-Streitbeilegung (OS) bereit: <a href=\"https:\/\/ec.europa.eu\/consumers\/odr\/\" target=\"_blank\" rel=\"noopener\">https:\/\/ec.europa.eu\/consumers\/odr\/<\/a><br \/>Unsere E-Mail-Adresse finden Sie oben im Impressum.<\/p>\n<h6>Verbraucherstreitbeilegung\/Universalschlichtungsstelle<\/h6>\n<p>Wir sind nicht bereit oder verpflichtet, an Streitbeilegungsverfahren vor einer Verbraucherschlichtungsstelle teilzunehmen.<\/p>\n<h6>Bildnachweis<\/h6>\n<p><a href=\"https:\/\/www.freepik.com\/\">Designed by Freepik<\/a><\/p>\n<h6>Haftungshinweis:<\/h6>\n<p>Trotz sorgf\u00e4ltiger inhaltlicher Kontrolle \u00fcbernehmen wir keine Haftung f\u00fcr die Inhalte externer Links. F\u00fcr den Inhalt der verlinkten Seiten sind ausschlie\u00dflich deren Betreiber verantwortlich.<a href=\"http:\/\/www.freepik.com\" target=\"_blank\" rel=\"noopener\"><\/a><\/p>\n<p>Quelle: <a href=\"\/\/www.e-recht24.de\" target=\"_blank\" rel=\"noopener\">https:\/\/www.e-recht24.de<\/a><\/p>\n<p>[\/et_pb_text][et_pb_text admin_label=&#8220;Link Startseite&#8220; _builder_version=&#8220;4.11.1&#8243; _dynamic_attributes=&#8220;link_option_url&#8220; _module_preset=&#8220;default&#8220; text_font=&#8220;Source Sans Pro||||||||&#8220; text_text_color=&#8220;#FF9027&#8243; text_font_size=&#8220;16px&#8220; custom_margin=&#8220;||150px||false|false&#8220; link_option_url=&#8220;@ET-DC@eyJkeW5hbWljIjp0cnVlLCJjb250ZW50IjoiaG9tZV91cmwiLCJzZXR0aW5ncyI6e319@&#8220; global_colors_info=&#8220;{}&#8220;]<\/p>\n<p>zur Startseite<\/p>\n<p>[\/et_pb_text][\/et_pb_column][\/et_pb_row][\/et_pb_section]<\/p>\n","protected":false},"excerpt":{"rendered":"<p>ImpressumAngaben gem\u00e4\u00df \u00a7 5 TMG mavondi GmbHWerftstra\u00dfe 401139 Dresden Vertreten durch: Heidi Massier Kontakt Telefon: +49 351 20870640E-Mail: massier@mavondi.de Registereintrag Sitz der Gesellschaft: DresdenRegistergericht: Amtsgericht DresdenRegisternummer: HRB 41149 Umsatzsteuer Steuernummer: 202\/114\/09496 EU-Streitschlichtung Die Europ\u00e4ische Kommission stellt eine Plattform zur Online-Streitbeilegung (OS) bereit: https:\/\/ec.europa.eu\/consumers\/odr\/Unsere E-Mail-Adresse finden Sie oben im Impressum. Verbraucherstreitbeilegung\/Universalschlichtungsstelle Wir sind nicht bereit oder [&hellip;]<\/p>\n","protected":false},"author":1,"featured_media":0,"parent":0,"menu_order":0,"comment_status":"closed","ping_status":"closed","template":"","meta":{"_et_pb_use_builder":"on","_et_pb_old_content":"","_et_gb_content_width":"","footnotes":""},"class_list":["post-68","page","type-page","status-publish","hentry"],"_links":{"self":[{"href":"https:\/\/mavondi.de\/index.php?rest_route=\/wp\/v2\/pages\/68","targetHints":{"allow":["GET"]}}],"collection":[{"href":"https:\/\/mavondi.de\/index.php?rest_route=\/wp\/v2\/pages"}],"about":[{"href":"https:\/\/mavondi.de\/index.php?rest_route=\/wp\/v2\/types\/page"}],"author":[{"embeddable":true,"href":"https:\/\/mavondi.de\/index.php?rest_route=\/wp\/v2\/users\/1"}],"replies":[{"embeddable":true,"href":"https:\/\/mavondi.de\/index.php?rest_route=%2Fwp%2Fv2%2Fcomments&post=68"}],"version-history":[{"count":12,"href":"https:\/\/mavondi.de\/index.php?rest_route=\/wp\/v2\/pages\/68\/revisions"}],"predecessor-version":[{"id":300,"href":"https:\/\/mavondi.de\/index.php?rest_route=\/wp\/v2\/pages\/68\/revisions\/300"}],"wp:attachment":[{"href":"https:\/\/mavondi.de\/index.php?rest_route=%2Fwp%2Fv2%2Fmedia&parent=68"}],"curies":[{"name":"wp","href":"https:\/\/api.w.org\/{rel}","templated":true}]}}