{"id":28,"date":"2021-10-05T09:14:41","date_gmt":"2021-10-05T09:14:41","guid":{"rendered":"https:\/\/mavondi.de\/?page_id=28"},"modified":"2023-09-05T04:37:25","modified_gmt":"2023-09-05T04:37:25","slug":"startseite-mavondi","status":"publish","type":"page","link":"https:\/\/mavondi.de\/","title":{"rendered":"Startseite Mavondi"},"content":{"rendered":"<p>[et_pb_section fb_built=&#8220;1&#8243; fullwidth=&#8220;on&#8220; admin_label=&#8220;Heroimage&#8220; _builder_version=&#8220;4.16&#8243; _module_preset=&#8220;default&#8220; global_colors_info=&#8220;{}&#8220;][et_pb_fullwidth_image src=&#8220;https:\/\/mavondi.de\/wp-content\/uploads\/2022\/06\/mavondi-header.webp&#8220; title_text=&#8220;mavondi-header&#8220; _builder_version=&#8220;4.16&#8243; _module_preset=&#8220;default&#8220; transform_scale=&#8220;140%|140%&#8220; transform_translate=&#8220;2px|31px&#8220; global_colors_info=&#8220;{}&#8220;][\/et_pb_fullwidth_image][\/et_pb_section][et_pb_section fb_built=&#8220;1&#8243; admin_label=&#8220;Leistungen&#8220; module_id=&#8220;leistungen&#8220; _builder_version=&#8220;4.16&#8243; _module_preset=&#8220;default&#8220; min_height=&#8220;377px&#8220; global_colors_info=&#8220;{}&#8220;][et_pb_row _builder_version=&#8220;4.16&#8243; _module_preset=&#8220;default&#8220; global_colors_info=&#8220;{}&#8220;][et_pb_column type=&#8220;4_4&#8243; _builder_version=&#8220;4.16&#8243; _module_preset=&#8220;default&#8220; global_colors_info=&#8220;{}&#8220;][et_pb_text content_tablet=&#8220;<\/p>\n<h1>Gemeinsam Gro\u00dfartiges erschaffen.<\/h1>\n<p>Wir unterst\u00fctzen Sie mit kreativen Ideen und erschaffen gemeinsam mit Ihnen einzigartige Produkte.<\/p>\n<p>&#8220; content_phone=&#8220;<\/p>\n<h1>Gemeinsam Gro\u00dfartiges erschaffen.<\/h1>\n<p>Wir unterst\u00fctzen Sie mit kreativen Ideen und erschaffen gemeinsam mit Ihnen einzigartige Produkte.<\/p>\n<p>&#8220; content_last_edited=&#8220;on|phone&#8220; admin_label=&#8220;Intro Leistungen&#8220; _builder_version=&#8220;4.16&#8243; _module_preset=&#8220;default&#8220; text_line_height=&#8220;1.4em&#8220; header_text_color=&#8220;#2B1453&#8243; text_orientation=&#8220;center&#8220; text_font_size_tablet=&#8220;&#8220; text_font_size_phone=&#8220;18px&#8220; text_font_size_last_edited=&#8220;on|phone&#8220; global_colors_info=&#8220;{}&#8220;]<\/p>\n<h1>Gemeinsam Gro\u00dfartiges erschaffen.<\/h1>\n<p>Wir unterst\u00fctzen Sie mit kreativen Ideen und erschaffen gemeinsam mit Ihnen einzigartige Produkte.<\/p>\n<p>[\/et_pb_text][\/et_pb_column][\/et_pb_row][et_pb_row column_structure=&#8220;1_4,1_4,1_4,1_4&#8243; _builder_version=&#8220;4.16&#8243; _module_preset=&#8220;default&#8220; global_colors_info=&#8220;{}&#8220;][et_pb_column type=&#8220;1_4&#8243; _builder_version=&#8220;4.16&#8243; _module_preset=&#8220;default&#8220; global_colors_info=&#8220;{}&#8220;][et_pb_image src=&#8220;https:\/\/mavondi.de\/wp-content\/uploads\/2021\/10\/mavondi-leistungen-design.jpg&#8220; title_text=&#8220;mavondi-leistungen-design&#8220; admin_label=&#8220;Bild Design&#8220; _builder_version=&#8220;4.16&#8243; _module_preset=&#8220;default&#8220; locked=&#8220;off&#8220; global_colors_info=&#8220;{}&#8220;][\/et_pb_image][et_pb_toggle title=&#8220;Design&#8220; open_toggle_text_color=&#8220;#000000&#8243; open_toggle_background_color=&#8220;RGBA(0,0,0,0)&#8220; closed_toggle_background_color=&#8220;RGBA(0,0,0,0)&#8220; icon_color=&#8220;#FF9027&#8243; open_icon_color=&#8220;#FF9027&#8243; admin_label=&#8220;Text Design&#8220; _builder_version=&#8220;4.16&#8243; _module_preset=&#8220;default&#8220; title_text_color=&#8220;#000000&#8243; title_level=&#8220;h2&#8243; title_font=&#8220;Source Sans Pro||||||||&#8220; title_font_size=&#8220;28px&#8220; closed_title_font=&#8220;Source Sans Pro||||||||&#8220; body_font=&#8220;Source Sans Pro||||||||&#8220; body_font_size=&#8220;18px&#8220; border_width_all=&#8220;0px&#8220; border_style_all=&#8220;groove&#8220; box_shadow_style=&#8220;preset4&#8243; box_shadow_horizontal=&#8220;0px&#8220; box_shadow_vertical=&#8220;1px&#8220; box_shadow_color=&#8220;#FF9027&#8243; locked=&#8220;off&#8220; global_colors_info=&#8220;{}&#8220;]<\/p>\n<p>Corporate Design inkl. Website<br \/>Gesch\u00e4ftsausstattung<br \/>Flyer &amp; Image-Brosch\u00fcren<br \/>Plakate, Poster, Anzeigen<\/p>\n<p>[\/et_pb_toggle][\/et_pb_column][et_pb_column type=&#8220;1_4&#8243; _builder_version=&#8220;4.16&#8243; _module_preset=&#8220;default&#8220; global_colors_info=&#8220;{}&#8220;][et_pb_image src=&#8220;https:\/\/mavondi.de\/wp-content\/uploads\/2021\/10\/mavondi-leistungen-grafik.jpg&#8220; title_text=&#8220;mavondi-leistungen-grafik&#8220; admin_label=&#8220;Bild Grafik&#8220; _builder_version=&#8220;4.16&#8243; _module_preset=&#8220;default&#8220; locked=&#8220;off&#8220; global_colors_info=&#8220;{}&#8220;][\/et_pb_image][et_pb_toggle title=&#8220;Grafik&#8220; open_toggle_text_color=&#8220;#000000&#8243; open_toggle_background_color=&#8220;RGBA(0,0,0,0)&#8220; closed_toggle_background_color=&#8220;RGBA(0,0,0,0)&#8220; icon_color=&#8220;#FF9027&#8243; open_icon_color=&#8220;#FF9027&#8243; admin_label=&#8220;Text Grafik&#8220; _builder_version=&#8220;4.16&#8243; _module_preset=&#8220;default&#8220; title_text_color=&#8220;#000000&#8243; title_level=&#8220;h2&#8243; title_font=&#8220;Source Sans Pro||||||||&#8220; title_font_size=&#8220;28px&#8220; closed_title_font=&#8220;Source Sans Pro||||||||&#8220; body_font=&#8220;Source Sans Pro||||||||&#8220; body_font_size=&#8220;18px&#8220; border_width_all=&#8220;0px&#8220; border_style_all=&#8220;groove&#8220; box_shadow_style=&#8220;preset4&#8243; box_shadow_horizontal=&#8220;0px&#8220; box_shadow_vertical=&#8220;1px&#8220; box_shadow_color=&#8220;#FF9027&#8243; locked=&#8220;off&#8220; global_colors_info=&#8220;{}&#8220;]<\/p>\n<p>Logoerstellung<br \/>Bildrecherche &amp; Bildbearbeitung<br \/>Informationsgrafiken &amp; Piktogramme<br \/>Pl\u00e4nen &amp; Karten <\/p>\n<p>[\/et_pb_toggle][\/et_pb_column][et_pb_column type=&#8220;1_4&#8243; _builder_version=&#8220;4.16&#8243; _module_preset=&#8220;default&#8220; global_colors_info=&#8220;{}&#8220;][et_pb_image src=&#8220;https:\/\/mavondi.de\/wp-content\/uploads\/2021\/10\/mavondi-leistungen-content-pflege.jpg&#8220; title_text=&#8220;mavondi-leistungen-content-pflege&#8220; admin_label=&#8220;Bild Content&#8220; _builder_version=&#8220;4.16&#8243; _module_preset=&#8220;default&#8220; global_colors_info=&#8220;{}&#8220;][\/et_pb_image][et_pb_toggle title=&#8220;Content-Pflege&#8220; open_toggle_text_color=&#8220;#000000&#8243; open_toggle_background_color=&#8220;RGBA(0,0,0,0)&#8220; closed_toggle_background_color=&#8220;RGBA(0,0,0,0)&#8220; icon_color=&#8220;#FF9027&#8243; open_icon_color=&#8220;#FF9027&#8243; admin_label=&#8220;Text Content&#8220; _builder_version=&#8220;4.16&#8243; _module_preset=&#8220;default&#8220; title_text_color=&#8220;#000000&#8243; title_level=&#8220;h2&#8243; title_font=&#8220;Source Sans Pro||||||||&#8220; title_font_size=&#8220;28px&#8220; closed_title_font=&#8220;Source Sans Pro||||||||&#8220; body_font=&#8220;Source Sans Pro||||||||&#8220; body_font_size=&#8220;18px&#8220; border_width_all=&#8220;0px&#8220; border_style_all=&#8220;groove&#8220; box_shadow_style=&#8220;preset4&#8243; box_shadow_horizontal=&#8220;0px&#8220; box_shadow_vertical=&#8220;1px&#8220; box_shadow_color=&#8220;#FF9027&#8243; global_colors_info=&#8220;{}&#8220;]<\/p>\n<p>Professionelles Datenhandling<br \/>Nachhaltige Content-Pflege<\/p>\n<p>[\/et_pb_toggle][\/et_pb_column][et_pb_column type=&#8220;1_4&#8243; _builder_version=&#8220;4.16&#8243; _module_preset=&#8220;default&#8220; global_colors_info=&#8220;{}&#8220;][et_pb_image src=&#8220;https:\/\/mavondi.de\/wp-content\/uploads\/2021\/10\/mavondi-leistungen-dokumentation.jpg&#8220; title_text=&#8220;mavondi-leistungen-dokumentation&#8220; admin_label=&#8220;Bild Dokumentation&#8220; _builder_version=&#8220;4.16&#8243; _module_preset=&#8220;default&#8220; locked=&#8220;off&#8220; global_colors_info=&#8220;{}&#8220;][\/et_pb_image][et_pb_toggle title=&#8220;Dokumentation&#8220; open_toggle_text_color=&#8220;#000000&#8243; open_toggle_background_color=&#8220;RGBA(0,0,0,0)&#8220; closed_toggle_background_color=&#8220;RGBA(0,0,0,0)&#8220; icon_color=&#8220;#FF9027&#8243; open_icon_color=&#8220;#FF9027&#8243; admin_label=&#8220;Text Dokumentation&#8220; _builder_version=&#8220;4.16&#8243; _module_preset=&#8220;default&#8220; title_text_color=&#8220;#000000&#8243; title_level=&#8220;h2&#8243; title_font=&#8220;Source Sans Pro||||||||&#8220; title_font_size=&#8220;28px&#8220; closed_title_font=&#8220;Source Sans Pro||||||||&#8220; body_font=&#8220;Source Sans Pro||||||||&#8220; body_font_size=&#8220;18px&#8220; border_width_all=&#8220;0px&#8220; border_style_all=&#8220;groove&#8220; box_shadow_style=&#8220;preset4&#8243; box_shadow_horizontal=&#8220;0px&#8220; box_shadow_vertical=&#8220;1px&#8220; box_shadow_color=&#8220;#FF9027&#8243; locked=&#8220;off&#8220; global_colors_info=&#8220;{}&#8220;]<\/p>\n<p>Datenbl\u00e4tter<br \/>Preislisten &amp; Kataloge<br \/>Brosch\u00fcren<br \/>Schulungsunterlagen<\/p>\n<p>[\/et_pb_toggle][\/et_pb_column][\/et_pb_row][et_pb_row _builder_version=&#8220;4.16&#8243; _module_preset=&#8220;default&#8220; global_colors_info=&#8220;{}&#8220;][et_pb_column type=&#8220;4_4&#8243; _builder_version=&#8220;4.16&#8243; _module_preset=&#8220;default&#8220; global_colors_info=&#8220;{}&#8220;][\/et_pb_column][\/et_pb_row][\/et_pb_section][et_pb_section fb_built=&#8220;1&#8243; admin_label=&#8220;Netzwerk HG-Bild&#8220; module_id=&#8220;netzwerk&#8220; _builder_version=&#8220;4.16&#8243; _module_preset=&#8220;default&#8220; background_image=&#8220;https:\/\/mavondi.de\/wp-content\/uploads\/2021\/10\/mavondi-netzwerk-v2.jpg&#8220; min_height=&#8220;660px&#8220; custom_margin=&#8220;||-6px|||&#8220; bottom_divider_style=&#8220;arrow3&#8243; bottom_divider_color=&#8220;#2B1453&#8243; bottom_divider_height=&#8220;180px&#8220; global_colors_info=&#8220;{}&#8220;][et_pb_row _builder_version=&#8220;4.16&#8243; _module_preset=&#8220;default&#8220; global_colors_info=&#8220;{}&#8220;][et_pb_column type=&#8220;4_4&#8243; _builder_version=&#8220;4.16&#8243; _module_preset=&#8220;default&#8220; global_colors_info=&#8220;{}&#8220;][et_pb_text content_tablet=&#8220;<\/p>\n<h2>Leistungsstark dank Netzwerk<\/h2>\n<p>\u201eWer alleine arbeitet addiert,<br \/>wer zusammenarbeitet multipliziert.%22<\/p>\n<p>&#8220; content_phone=&#8220;<\/p>\n<h2>Leistungsstark dank Netzwerk<\/h2>\n<p>\u201eWer alleine arbeitet addiert,<br \/>wer zusammenarbeitet multipliziert.%22<\/p>\n<p>&#8220; content_last_edited=&#8220;on|phone&#8220; admin_label=&#8220;Text Netzwerk&#8220; _builder_version=&#8220;4.16&#8243; _module_preset=&#8220;default&#8220; text_text_color=&#8220;#FFFFFF&#8220; text_line_height=&#8220;1.4em&#8220; header_text_color=&#8220;#FFFFFF&#8220; header_2_text_align=&#8220;left&#8220; header_2_text_color=&#8220;#FFFFFF&#8220; header_2_font_size=&#8220;40px&#8220; custom_margin=&#8220;48px||||false|false&#8220; custom_padding=&#8220;|||33px|false|false&#8220; text_font_size_tablet=&#8220;&#8220; text_font_size_phone=&#8220;&#8220; text_font_size_last_edited=&#8220;on|phone&#8220; header_font_tablet=&#8220;&#8220; header_font_phone=&#8220;&#8220; header_font_last_edited=&#8220;on|phone&#8220; header_2_font_tablet=&#8220;&#8220; header_2_font_phone=&#8220;&#8220; header_2_font_last_edited=&#8220;on|phone&#8220; global_colors_info=&#8220;{}&#8220;]<\/p>\n<h2>Leistungsstark dank Netzwerk<\/h2>\n<p>\u201eWer alleine arbeitet addiert,<br \/>wer zusammenarbeitet multipliziert.&#8220;<\/p>\n<p>[\/et_pb_text][\/et_pb_column][\/et_pb_row][\/et_pb_section][et_pb_section fb_built=&#8220;1&#8243; admin_label=&#8220;Kontakt&#8220; module_id=&#8220;kontakt&#8220; _builder_version=&#8220;4.16&#8243; _module_preset=&#8220;default&#8220; background_color=&#8220;#2B1453&#8243; custom_padding=&#8220;||0px||false|false&#8220; global_colors_info=&#8220;{}&#8220;][et_pb_row column_structure=&#8220;1_3,1_3,1_3&#8243; _builder_version=&#8220;4.16&#8243; _module_preset=&#8220;default&#8220; min_height=&#8220;100px&#8220; custom_padding=&#8220;0px||15px||false|false&#8220; global_colors_info=&#8220;{}&#8220;][et_pb_column type=&#8220;1_3&#8243; _builder_version=&#8220;4.16&#8243; _module_preset=&#8220;default&#8220; global_colors_info=&#8220;{}&#8220;][\/et_pb_column][et_pb_column type=&#8220;1_3&#8243; _builder_version=&#8220;4.16&#8243; _module_preset=&#8220;default&#8220; global_colors_info=&#8220;{}&#8220;][et_pb_text admin_label=&#8220;Adresse&#8220; _builder_version=&#8220;4.16&#8243; _module_preset=&#8220;default&#8220; text_text_color=&#8220;#FFFFFF&#8220; text_font_size=&#8220;18px&#8220; text_orientation=&#8220;center&#8220; custom_margin=&#8220;||16px||false|false&#8220; link_option_url=&#8220;mailto:massier@mavondi.de&#8220; global_colors_info=&#8220;{}&#8220;]<\/p>\n<p>mavondi GmbH<br \/>Werftstra\u00dfe 4\u00a0\u00a0 \u2022\u00a0 01139 Dresden<\/p>\n<p>[\/et_pb_text][et_pb_button button_url=&#8220;mailto:massier@mavondi.de&#8220; button_text=&#8220;Ins Gespr\u00e4ch kommen&#8220; button_alignment=&#8220;center&#8220; _builder_version=&#8220;4.16&#8243; _module_preset=&#8220;default&#8220; global_colors_info=&#8220;{}&#8220;][\/et_pb_button][\/et_pb_column][et_pb_column type=&#8220;1_3&#8243; _builder_version=&#8220;4.16&#8243; _module_preset=&#8220;default&#8220; global_colors_info=&#8220;{}&#8220;][\/et_pb_column][\/et_pb_row][\/et_pb_section]<\/p>\n","protected":false},"excerpt":{"rendered":"<p>Gemeinsam Gro\u00dfartiges erschaffen. Wir unterst\u00fctzen Sie mit kreativen Ideen und erschaffen gemeinsam mit Ihnen einzigartige Produkte.Corporate Design inkl. WebsiteGesch\u00e4ftsausstattungFlyer &amp; Image-Brosch\u00fcrenPlakate, Poster, AnzeigenLogoerstellungBildrecherche &amp; BildbearbeitungInformationsgrafiken &amp; PiktogrammePl\u00e4nen &amp; Karten Professionelles DatenhandlingNachhaltige Content-PflegeDatenbl\u00e4tterPreislisten &amp; KatalogeBrosch\u00fcrenSchulungsunterlagenLeistungsstark dank Netzwerk \u201eWer alleine arbeitet addiert,wer zusammenarbeitet multipliziert.&#8220;mavondi GmbHWerftstra\u00dfe 4\u00a0\u00a0 \u2022\u00a0 01139 Dresden<\/p>\n","protected":false},"author":1,"featured_media":0,"parent":0,"menu_order":0,"comment_status":"closed","ping_status":"closed","template":"","meta":{"_et_pb_use_builder":"on","_et_pb_old_content":"","_et_gb_content_width":"","footnotes":""},"class_list":["post-28","page","type-page","status-publish","hentry"],"_links":{"self":[{"href":"https:\/\/mavondi.de\/index.php?rest_route=\/wp\/v2\/pages\/28","targetHints":{"allow":["GET"]}}],"collection":[{"href":"https:\/\/mavondi.de\/index.php?rest_route=\/wp\/v2\/pages"}],"about":[{"href":"https:\/\/mavondi.de\/index.php?rest_route=\/wp\/v2\/types\/page"}],"author":[{"embeddable":true,"href":"https:\/\/mavondi.de\/index.php?rest_route=\/wp\/v2\/users\/1"}],"replies":[{"embeddable":true,"href":"https:\/\/mavondi.de\/index.php?rest_route=%2Fwp%2Fv2%2Fcomments&post=28"}],"version-history":[{"count":52,"href":"https:\/\/mavondi.de\/index.php?rest_route=\/wp\/v2\/pages\/28\/revisions"}],"predecessor-version":[{"id":312,"href":"https:\/\/mavondi.de\/index.php?rest_route=\/wp\/v2\/pages\/28\/revisions\/312"}],"wp:attachment":[{"href":"https:\/\/mavondi.de\/index.php?rest_route=%2Fwp%2Fv2%2Fmedia&parent=28"}],"curies":[{"name":"wp","href":"https:\/\/api.w.org\/{rel}","templated":true}]}}